{"id":650,"date":"2025-04-22T08:04:00","date_gmt":"2025-04-22T08:04:00","guid":{"rendered":"https:\/\/spiritofsweden.com\/tonic-competition\/"},"modified":"2025-04-22T09:40:39","modified_gmt":"2025-04-22T09:40:39","slug":"tonic-competition","status":"publish","type":"page","link":"https:\/\/spiritofsweden.com\/en\/tonic-competition\/","title":{"rendered":"Tonic competition"},"content":{"rendered":"\n\n  <div class=\"banner has-hover\" id=\"banner-2106749697\">\n          <div class=\"banner-inner fill\">\n        <div class=\"banner-bg fill\" >\n            <img fetchpriority=\"high\" decoding=\"async\" width=\"1020\" height=\"862\" src=\"https:\/\/spiritofsweden.com\/wp-content\/uploads\/2025\/01\/tonic-1024x865.webp\" class=\"bg attachment-large size-large\" alt=\"\" loading=\"eager\" \/>                                    \n                    <\/div>\n\t\t\n        <div class=\"banner-layers container\">\n            <div class=\"fill banner-link\"><\/div>            \n\n   <div id=\"text-box-883468653\" class=\"text-box banner-layer x50 md-x50 lg-x50 y90 md-y90 lg-y90 res-text\">\n                                <div class=\"text-box-content text dark\">\n              \n              <div class=\"text-inner text-left\">\n                  \n\n\t<div id=\"text-724445174\" class=\"text\">\n\t\t\n\n<h2>T\u00e4vling SUP<\/h2>\n<p>V\u00e4lj din destination p\u00e5 n\u00e5gon utav Countryside hotels vackra anl\u00e4ggningar runt om i landet.<\/p>\n\t\t\n<style>\n#text-724445174 {\n  text-align: center;\n}\n<\/style>\n\t<\/div>\n\t\n\n              <\/div>\n           <\/div>\n                            \n<style>\n#text-box-883468653 {\n  width: 85%;\n}\n#text-box-883468653 .text-box-content {\n  font-size: 100%;\n}\n@media (min-width:550px) {\n  #text-box-883468653 {\n    width: 90%;\n  }\n}\n<\/style>\n    <\/div>\n \n\n        <\/div>\n      <\/div>\n\n            \n<style>\n#banner-2106749697 {\n  padding-top: 270px;\n}\n@media (min-width:550px) {\n  #banner-2106749697 {\n    padding-top: 400px;\n  }\n}\n@media (min-width:850px) {\n  #banner-2106749697 {\n    padding-top: 500px;\n  }\n}\n<\/style>\n  <\/div>\n\n\n\n\t<section class=\"section\" id=\"section_232690806\">\n\t\t<div class=\"section-bg fill\" >\n\t\t\t\t\t\t\t\t\t\n\t\t\t\n\n\t\t<\/div>\n\n\t\t\n\n\t\t<div class=\"section-content relative\">\n\t\t\t\n\n<div class=\"row align-center\"  id=\"row-595258486\">\n\n\n\t<div id=\"col-1048599715\" class=\"col medium-6 small-12 large-6\"  >\n\t\t\t\t<div class=\"col-inner\"  >\n\t\t\t\n\t\t\t\n\n\t<div class=\"img has-hover x md-x lg-x y md-y lg-y\" id=\"image_669251004\">\n\t\t\t\t\t\t\t\t<div class=\"img-inner dark\" >\n\t\t\t<img decoding=\"async\" width=\"910\" height=\"744\" src=\"https:\/\/spiritofsweden.com\/wp-content\/uploads\/2025\/01\/just-tonic.webp\" class=\"attachment-original size-original\" alt=\"\" srcset=\"https:\/\/spiritofsweden.com\/wp-content\/uploads\/2025\/01\/just-tonic.webp 910w, https:\/\/spiritofsweden.com\/wp-content\/uploads\/2025\/01\/just-tonic-300x245.webp 300w, https:\/\/spiritofsweden.com\/wp-content\/uploads\/2025\/01\/just-tonic-768x628.webp 768w, https:\/\/spiritofsweden.com\/wp-content\/uploads\/2025\/01\/just-tonic-600x491.webp 600w\" sizes=\"(max-width: 910px) 100vw, 910px\" loading=\"eager\" \/>\t\t\t\t\t\t\n\t\t\t\t\t<\/div>\n\t\t\t\t\t\t\t\t\n<style>\n#image_669251004 {\n  width: 100%;\n}\n<\/style>\n\t<\/div>\n\t\n\n\n\t\t<\/div>\n\t\t\t\t\t<\/div>\n\n\t\n\n\t<div id=\"col-1970932518\" class=\"col medium-6 small-12 large-6\"  >\n\t\t\t\t<div class=\"col-inner\"  >\n\t\t\t\n\t\t\t\n\n<p>Allt du beh\u00f6ver g\u00f6ra \u00e4r att handla tv\u00e5 valfria produkter fr\u00e5n Herrljunga Musteri samt svara p\u00e5 en fr\u00e5ga.<\/p>\n\n<div class=\"wpcf7 no-js\" id=\"wpcf7-f647-o1\" lang=\"en-US\" dir=\"ltr\" data-wpcf7-id=\"647\">\n<div class=\"screen-reader-response\"><p role=\"status\" aria-live=\"polite\" aria-atomic=\"true\"><\/p> <ul><\/ul><\/div>\n<form action=\"\/en\/wp-json\/wp\/v2\/pages\/650#wpcf7-f647-o1\" method=\"post\" class=\"wpcf7-form init\" aria-label=\"Contact form\" novalidate=\"novalidate\" data-status=\"init\">\n<fieldset class=\"hidden-fields-container\"><input type=\"hidden\" name=\"_wpcf7\" value=\"647\" \/><input type=\"hidden\" name=\"_wpcf7_version\" value=\"6.1.4\" \/><input type=\"hidden\" name=\"_wpcf7_locale\" value=\"en_US\" \/><input type=\"hidden\" name=\"_wpcf7_unit_tag\" value=\"wpcf7-f647-o1\" \/><input type=\"hidden\" name=\"_wpcf7_container_post\" value=\"0\" \/><input type=\"hidden\" name=\"_wpcf7_posted_data_hash\" value=\"\" \/><input type=\"hidden\" name=\"_wpcf7cf_hidden_group_fields\" value=\"[]\" \/><input type=\"hidden\" name=\"_wpcf7cf_hidden_groups\" value=\"[]\" \/><input type=\"hidden\" name=\"_wpcf7cf_visible_groups\" value=\"[]\" \/><input type=\"hidden\" name=\"_wpcf7cf_repeaters\" value=\"[]\" \/><input type=\"hidden\" name=\"_wpcf7cf_steps\" value=\"{}\" \/><input type=\"hidden\" name=\"_wpcf7cf_options\" value=\"{&quot;form_id&quot;:647,&quot;conditions&quot;:[],&quot;settings&quot;:{&quot;animation&quot;:&quot;yes&quot;,&quot;animation_intime&quot;:200,&quot;animation_outtime&quot;:200,&quot;conditions_ui&quot;:&quot;normal&quot;,&quot;notice_dismissed&quot;:false}}\" \/><input type=\"hidden\" name=\"_wpcf7_recaptcha_response\" value=\"\" \/>\n<\/fieldset>\n<span class=\"wpcf7-form-control-wrap\" data-name=\"name\"><input size=\"40\" maxlength=\"400\" class=\"wpcf7-form-control wpcf7-text wpcf7-validates-as-required\" aria-required=\"true\" aria-invalid=\"false\" placeholder=\"First and last name\" value=\"\" type=\"text\" name=\"name\" \/><\/span>\n<span class=\"wpcf7-form-control-wrap\" data-name=\"your-email\"><input size=\"40\" maxlength=\"400\" class=\"wpcf7-form-control wpcf7-email wpcf7-validates-as-required wpcf7-text wpcf7-validates-as-email\" autocomplete=\"email\" aria-required=\"true\" aria-invalid=\"false\" placeholder=\"Email address\" value=\"\" type=\"email\" name=\"your-email\" \/><\/span>\n<span class=\"wpcf7-form-control-wrap\" data-name=\"address\"><input size=\"40\" maxlength=\"400\" class=\"wpcf7-form-control wpcf7-text wpcf7-validates-as-required\" aria-required=\"true\" aria-invalid=\"false\" placeholder=\"Address\" value=\"\" type=\"text\" name=\"address\" \/><\/span>\n<span class=\"wpcf7-form-control-wrap\" data-name=\"postal\"><input size=\"40\" maxlength=\"400\" class=\"wpcf7-form-control wpcf7-text wpcf7-validates-as-required\" aria-required=\"true\" aria-invalid=\"false\" placeholder=\"Postal code\" value=\"\" type=\"text\" name=\"postal\" \/><\/span>\n<span class=\"wpcf7-form-control-wrap\" data-name=\"ort\"><input size=\"40\" maxlength=\"400\" class=\"wpcf7-form-control wpcf7-text wpcf7-validates-as-required\" aria-required=\"true\" aria-invalid=\"false\" placeholder=\"Ort\" value=\"\" type=\"text\" name=\"ort\" \/><\/span>\n<span class=\"wpcf7-form-control-wrap\" data-name=\"phone\"><input size=\"40\" maxlength=\"400\" class=\"wpcf7-form-control wpcf7-tel wpcf7-validates-as-required wpcf7-text wpcf7-validates-as-tel\" aria-required=\"true\" aria-invalid=\"false\" placeholder=\"Phone number\" value=\"\" type=\"tel\" name=\"phone\" \/><\/span>\n<p>What tonic flavoring do you wish we did next?<\/p>\n<span class=\"wpcf7-form-control-wrap\" data-name=\"justification\"><textarea cols=\"40\" rows=\"10\" maxlength=\"2000\" class=\"wpcf7-form-control wpcf7-textarea wpcf7-validates-as-required\" aria-required=\"true\" aria-invalid=\"false\" name=\"justification\"><\/textarea><\/span>\n<span class=\"wpcf7-form-control-wrap\" data-name=\"acceptance\"><span class=\"wpcf7-form-control wpcf7-acceptance\"><span class=\"wpcf7-list-item\"><label><input type=\"checkbox\" name=\"acceptance\" value=\"1\" aria-invalid=\"false\" \/><span class=\"wpcf7-list-item-label\">Yes, you can keep my contact details. By answering yes, you accept the terms and conditions of the competition. *<\/span><\/label><\/span><\/span><\/span>\n<span class=\"wpcf7-form-control-wrap\" data-name=\"nyhetsbrev\"><span class=\"wpcf7-form-control wpcf7-acceptance optional\"><span class=\"wpcf7-list-item\"><label><input type=\"checkbox\" name=\"nyhetsbrev\" value=\"1\" aria-invalid=\"false\" \/><span class=\"wpcf7-list-item-label\">Yes, I would like to receive information about more competitions, news and other information in the form of a newsletter<\/span><\/label><\/span><\/span><\/span>\n<input class=\"wpcf7-form-control wpcf7-submit has-spinner\" type=\"submit\" value=\"Submit\" \/><div class=\"wpcf7-response-output\" aria-hidden=\"true\"><\/div>\n<\/form>\n<\/div>\n\n\n<\/p>\n<span class=\"scroll-to\" data-label=\"Scroll to: #regler\" data-bullet=\"false\" data-link=\"#regler\" data-title=\"T\u00e4vlingsregler\" data-offset-type=\"custom\" data-offset=\"160\"><a name=\"regler\"><\/a><\/span>\n\n<h3>T\u00e4vlingsregler samt GDPR:<\/h3>\n<p>Vinst:<\/p>\n<ul>\n<li>Presentkort v\u00e4rt 5000 kr p\u00e5 ett utav Countryside hotels hotell.<\/li>\n<li>Produkter fr\u00e5n Herrljunga Musteri<\/li>\n<\/ul>\n<p>T\u00e4vlingsregler:<\/p>\n<ul>\n<li>K\u00f6p 2 valfria produkter fr\u00e5n Herrljunga Musteri. Vinnaren ska kunna uppvisa kvitto att produkter handlats under t\u00e4vlingsperioden.<\/li>\n<li>Svara p\u00e5 tv\u00e5 fr\u00e5gor.<\/li>\n<li>F\u00f6r att t\u00e4vla beh\u00f6ver du vara skriven p\u00e5 en adress i Sverige.<\/li>\n<li>T\u00e4vling 1 g\u00e5ng\/person.<\/li>\n<\/ul>\n<p>T\u00e4vlingsperiod: 1:a januari \u2013 13:e maj 2024.<\/p>\n<ul>\n<li>Herrljunga Musteri utser vinnare. Beslut kan inte \u00f6verklagas.\n<p>Vinnare utses 13:e maj 2024 och kontaktas via mejl efter avslutad t\u00e4vling.<\/p>\n<\/li>\n<li>Eventuell vinstskatt betalas av vinnaren.<\/li>\n<li>Presentkortet skickas ut som en PDF direkt fr\u00e5n Countryside Hotels.<\/li>\n<li>Vid inl\u00f6sning m\u00e5ste bokningen ske p\u00e5 www.countrysidehotels.se Det g\u00e5r inte att l\u00f6sa in presentkortet direkt med hotellet.<\/li>\n<li>Presentkortet kan anv\u00e4ndas p\u00e5 valfritt hotell som \u00e4r anslutet till Countryside Hotels.<\/li>\n<li>Presentkortet kan anv\u00e4ndas f\u00f6r hel- eller delvis betalning p\u00e5 bokning.<\/li>\n<li>Presentkortet \u00e4r giltigt ett \u00e5r fr\u00e5n utf\u00e4rdandet.<\/li>\n<li>Herrljunga Musteri bokar ej hotellvistelse.<\/li>\n<\/ul>\n<p>Herrljunga Musteri skickar produkter till vinnaren efter avslutad t\u00e4vling.<\/p>\n<p>Vid deltagande i t\u00e4vlingen ges samtycke till registrering av namn och n\u00f6dv\u00e4ndiga kontaktupplysningar.<\/p>\n<p>De upplysningar som ges i samband med t\u00e4vlingen kommer uteslutande att vara tillg\u00e4ngliga f\u00f6r Herrljunga Drycker som ansvariga f\u00f6r t\u00e4vlingen.<\/p>\n<p>Kontaktupplysningar kommer endast anv\u00e4ndas f\u00f6r kontakt i samband med t\u00e4vlingen och kommer att raderas inom 30 dagar efter avslutad t\u00e4vling.<\/p>\n<p>Lycka till!<\/p>\n\n\t\t<\/div>\n\t\t\t\t\t<\/div>\n\n\t\n\n<\/div>\n\n\t\t<\/div>\n\n\t\t\n<style>\n#section_232690806 {\n  padding-top: 30px;\n  padding-bottom: 30px;\n}\n@media (min-width:550px) {\n  #section_232690806 {\n    padding-top: 80px;\n    padding-bottom: 80px;\n  }\n}\n<\/style>\n\t<\/section>\n\t\n\n","protected":false},"excerpt":{"rendered":"","protected":false},"author":4,"featured_media":0,"parent":0,"menu_order":0,"comment_status":"closed","ping_status":"closed","template":"","meta":{"_acf_changed":false,"footnotes":""},"class_list":["post-650","page","type-page","status-publish","hentry"],"acf":[],"_links":{"self":[{"href":"https:\/\/spiritofsweden.com\/en\/wp-json\/wp\/v2\/pages\/650","targetHints":{"allow":["GET"]}}],"collection":[{"href":"https:\/\/spiritofsweden.com\/en\/wp-json\/wp\/v2\/pages"}],"about":[{"href":"https:\/\/spiritofsweden.com\/en\/wp-json\/wp\/v2\/types\/page"}],"author":[{"embeddable":true,"href":"https:\/\/spiritofsweden.com\/en\/wp-json\/wp\/v2\/users\/4"}],"replies":[{"embeddable":true,"href":"https:\/\/spiritofsweden.com\/en\/wp-json\/wp\/v2\/comments?post=650"}],"version-history":[{"count":4,"href":"https:\/\/spiritofsweden.com\/en\/wp-json\/wp\/v2\/pages\/650\/revisions"}],"predecessor-version":[{"id":655,"href":"https:\/\/spiritofsweden.com\/en\/wp-json\/wp\/v2\/pages\/650\/revisions\/655"}],"wp:attachment":[{"href":"https:\/\/spiritofsweden.com\/en\/wp-json\/wp\/v2\/media?parent=650"}],"curies":[{"name":"wp","href":"https:\/\/api.w.org\/{rel}","templated":true}]}}